{"id":359,"date":"2020-01-21T21:32:35","date_gmt":"2020-01-21T20:32:35","guid":{"rendered":"http:\/\/caroulepournous.be\/?page_id=359"},"modified":"2021-02-26T14:43:29","modified_gmt":"2021-02-26T13:43:29","slug":"les-preparatifs","status":"publish","type":"page","link":"https:\/\/caroulepournous.be\/?page_id=359","title":{"rendered":"Avant le d\u00e9part"},"content":{"rendered":"\n<p>La pr\u00e9paration de notre grand voyage de 14 mois est presqu&rsquo;un voyage en lui-m\u00eame: on y passe beaucoup de temps, on se pose des questions, on s&rsquo;\u00e9nerve (parfois) et on relativise (beaucoup)&#8230; Et puis surtout, on se sent pousser des ailes et on nage dans un \u00e9tat d&rsquo;excitation et de bonheur presque permanent ;).<\/p>\n\n\n\n<p>Concr\u00e8tement, nous nous sommes d\u00e9cid\u00e9s fin mai 2019, lorsque nos deux bonhommes ont f\u00eat\u00e9 leurs 3 et 1 ans, que nous partirions 1 an plus tard. Cela nous semblait un bon d\u00e9lai pour enclencher le compte \u00e0 rebours. <\/p>\n\n\n\n<p>Comme l&rsquo;id\u00e9e germait depuis de longues ann\u00e9es dans nos t\u00eates, on s&rsquo;\u00e9tait d\u00e9j\u00e0 essay\u00e9 \u00e0 plusieurs voyages \u00e0 v\u00e9lo de 10 \u00e0 15 jours, ce qui nous a permis de nous rendre compte qu&rsquo;on aime \u00e7a aussi en vrai, et pas qu&rsquo;en r\u00eave ;). Nous avons ainsi voyag\u00e9 en Ecosse \u00e0 nous deux en mai 2014, puis le long de la Loire \u00e0 3 en ao\u00fbt 2017 et enfin en Suisse \u00e0 4 en ao\u00fbt 2019.<\/p>\n\n\n\n<p>D&rsquo;un point de vue organisationnel, nous avons subdivis\u00e9 toutes les choses auxquelles nous pensions en 4 grands th\u00e8mes: administratif, m\u00e9dical, itin\u00e9raire et mat\u00e9riel.<\/p>\n\n\n\n<p>Pour le volet administratif, il faut penser \u00e0 :<\/p>\n\n\n\n<ul><li>pr\u00e9venir nos boulots respectifs et regarder comment nous absenter pendant 14 mois;<\/li><li>pr\u00e9venir l&rsquo;\u00e9cole d&rsquo;Arthus et la cr\u00e8che d&rsquo;Emile;<\/li><li>choisir une bonne assurance-voyage;<\/li><li>v\u00e9rifier que tout est en ordre au niveau de nos cartes bancaires (date de validit\u00e9, plafond, possibilit\u00e9 de retrait \u00e0 l&rsquo;\u00e9tranger,&#8230;);<\/li><li>r\u00e9silier tous les contrats qui doivent l&rsquo;\u00eatre au moment de notre d\u00e9part;<\/li><li>louer notre maison;<\/li><li>faire un scan de tous nos documents personnels (carte d&rsquo;identit\u00e9, carnet de mariage, acte de naissance, &#8230;).<\/li><\/ul>\n\n\n\n<p>Au niveau m\u00e9dical, nous avons constitu\u00e9 une trousse de pharmacie avec notre m\u00e9decin traitant hom\u00e9opathe, \u00e0 laquelle nous avons ajout\u00e9 quelques HE que nous utilisons r\u00e9guli\u00e8rement \u00e0 la maison et que nous connaissons. Il y a eu aussi quelques vaccins, r\u00e9duits au minimum (gr\u00e2ce au choix de notre itin\u00e9raire). Et puis, nous b\u00e9nissons le fait d&rsquo;avoir une maman m\u00e9decin dans la famille, ce qui sera certainement pratique \u00e0 l&rsquo;un ou l&rsquo;autre moment du voyage :).<\/p>\n\n\n\n<p>En ce qui concerne l&rsquo;itin\u00e9raire, ce ne furent que des heures et des heures de pur bonheur devant des cartes et sur des blogs de voyageurs! Le choix de notre itin\u00e9raire (provisoire, car il n&rsquo;est jamais final jusqu&rsquo;\u00e0 ce que nous le r\u00e9alisions en temps voulu) est le r\u00e9sultat de plusieurs heures\/semaines\/mois \u00e0 r\u00e9fl\u00e9chir \u00e0 ce que nous recherchions vraiment. Nous nous sommes principalement bas\u00e9s sur les routes de l&rsquo;Eurov\u00e9lo et sur les recommandations d&rsquo;autres voyageurs \u00e0 v\u00e9lo (pour la plupart rencontr\u00e9s sur les groupes facebook \u00ab\u00a0Voyage \u00e0 v\u00e9lo\u00a0\u00bb et \u00ab\u00a0Voyageurs et Voyageuses \u00e0 v\u00e9lo\u00a0\u00bb). En chemin, nous ferons certainement appel au r\u00e9seau \u00ab\u00a0warmshowers\u00a0\u00bb pour rencontrer d&rsquo;autres cyclovoyageurs et pouvoir b\u00e9n\u00e9ficier d&rsquo;une douche chaude de temps en temps ;). <\/p>\n\n\n\n<p>Nous partons sans pr\u00e9voir nos \u00e9tapes \u00e0 l&rsquo;avance, mais uniquement les grandes directions. Nous comptons rouler une moyenne de 35 km\/jour (avec des jours et m\u00eames des semaines de \u00ab\u00a0pause\u00a0\u00bb), afin de pouvoir profiter pleinement de nos journ\u00e9es avec les enfants, leur permettre de se d\u00e9gourdir les jambes et de jouer, afin de profiter tous ensemble des endroits que nous d\u00e9couvrirons et des gens que nous rencontrerons. L&rsquo;exp\u00e9rience nous a appris par le pass\u00e9 qu&rsquo;il ne fallait pas pr\u00e9voir de trop longues \u00e9tapes car nos adorables t\u00eates blondes (et nous aussi!) avions envie de pouvoir profiter en chemin et pas seulement de la destination \u00e0 l&rsquo;arriv\u00e9e.<\/p>\n\n\n\n<p>Apr\u00e8s notre r\u00e9cent changement de programme pour le voyage (\u00e0 savoir, la d\u00e9cision de rester finalement pendant les 14 mois en Europe et d&rsquo;aller \u00e0 la rencontre d&rsquo;\u00e9co-villages et de communaut\u00e9s\/initiatives en transition), nous avons commenc\u00e9 \u00e0 r\u00e9colter des informations sur ces lieux en Belgique, en France, en Espagne et au Portugal. Gr\u00e2ce au partage de pas mal d&rsquo;ami.e.s et de connaissances, nous en avons re\u00e7us beaucoup plus que ce que l&rsquo;on pensait trouver. Ce ne fut qu&rsquo;\u00e9merveillement de les r\u00e9pertorier tous sur une carte et de nous rendre compte \u00e0 quel point ils fleurissent&#8230; Nous en choisirons quelques uns en fonction de notre chemin, des disponibilit\u00e9s sur place et de la saison. Et des coups de c\u0153ur de nos ami.e.s d\u00e9j\u00e0 pass\u00e9.e.s par l\u00e0-bas ;).<\/p>\n\n\n\n<p>Pour ce qui est du mat\u00e9riel, nous avons choisi de le d\u00e9tailler plus amplement (car l&rsquo;article devient d\u00e9j\u00e0 tr\u00e8s long) dans l&rsquo;<a href=\"http:\/\/caroulepournous.be\/?page_id=77\">onglet suivant<\/a>.<\/p>\n\n\n\n<p>Enfin, il nous reste deux \u00e9l\u00e9ments centraux \u00e0 mentionner en plus de ces 4 grandes th\u00e9matiques de pr\u00e9paration: <a href=\"http:\/\/caroulepournous.be\/?page_id=427\">le budget et la motivation<\/a>.<\/p>\n","protected":false},"excerpt":{"rendered":"<p>La pr\u00e9paration de notre grand voyage de 14 mois est presqu&rsquo;un voyage en lui-m\u00eame: on y passe beaucoup de temps, on se pose des questions, on s&rsquo;\u00e9nerve (parfois) et on relativise (beaucoup)&#8230; Et puis surtout, on se sent pousser des ailes et on nage dans un \u00e9tat d&rsquo;excitation et de bonheur presque permanent ;). Concr\u00e8tement,&#8230;<\/p>\n","protected":false},"author":3,"featured_media":0,"parent":0,"menu_order":0,"comment_status":"closed","ping_status":"closed","template":"","meta":{"ngg_post_thumbnail":0,"footnotes":""},"jetpack_sharing_enabled":true,"_links":{"self":[{"href":"https:\/\/caroulepournous.be\/index.php?rest_route=\/wp\/v2\/pages\/359"}],"collection":[{"href":"https:\/\/caroulepournous.be\/index.php?rest_route=\/wp\/v2\/pages"}],"about":[{"href":"https:\/\/caroulepournous.be\/index.php?rest_route=\/wp\/v2\/types\/page"}],"author":[{"embeddable":true,"href":"https:\/\/caroulepournous.be\/index.php?rest_route=\/wp\/v2\/users\/3"}],"replies":[{"embeddable":true,"href":"https:\/\/caroulepournous.be\/index.php?rest_route=%2Fwp%2Fv2%2Fcomments&post=359"}],"version-history":[{"count":47,"href":"https:\/\/caroulepournous.be\/index.php?rest_route=\/wp\/v2\/pages\/359\/revisions"}],"predecessor-version":[{"id":1634,"href":"https:\/\/caroulepournous.be\/index.php?rest_route=\/wp\/v2\/pages\/359\/revisions\/1634"}],"wp:attachment":[{"href":"https:\/\/caroulepournous.be\/index.php?rest_route=%2Fwp%2Fv2%2Fmedia&parent=359"}],"curies":[{"name":"wp","href":"https:\/\/api.w.org\/{rel}","templated":true}]}}