{"id":77,"date":"2019-10-15T21:31:37","date_gmt":"2019-10-15T19:31:37","guid":{"rendered":"http:\/\/caroulepournous.be\/?page_id=77"},"modified":"2020-11-29T20:33:05","modified_gmt":"2020-11-29T19:33:05","slug":"le-materiel","status":"publish","type":"page","link":"https:\/\/caroulepournous.be\/?page_id=77","title":{"rendered":"Le mat\u00e9riel"},"content":{"rendered":"\n<p>Apr\u00e8s longue r\u00e9flexion \u00e0 propos des diff\u00e9rentes options possibles (en fonction de notre budget et de l\u2019\u00e2ge des enfants) nous sommes partis avec :<\/p>\n\n\n\n<ul><li>un v\u00e9lo adulte de trekking simple \u00e9quip\u00e9 d\u2019un syst\u00e8me follow-me sur la roue arri\u00e8re<\/li><li>un v\u00e9lo enfant 16 pouces<\/li><li>un tandem Pino Hase avec p\u00e9dalier enfant<\/li><li>une charrette de la marque Thule (mod\u00e8le CX2)<\/li><\/ul>\n\n\n\n<p>Cet \u00e9quipement nous a parfaitement convenu, offrant aux gar\u00e7ons la possibilit\u00e9 de se mettre \u00e0 l\u2019abri dans la charrette, de se reposer chacun sur leurs v\u00e9los et m\u00eame d\u2019\u00e9changer leurs places sur les v\u00e9los, Emile \u00e9tant d\u00e9j\u00e0 assez grand du haut de ses 2 ans presque et demi pour tenir sur le v\u00e9lo d\u2019Arthus en follow-me.<\/p>\n\n\n\n<p>Sinon, rien de particulier \u00e0 noter en dehors du mat\u00e9riel de camping classique lorsqu\u2019on part en voyage \u00e0 v\u00e9lo. Nous avons bien appr\u00e9ci\u00e9 les sous-v\u00eatements en laine de m\u00e9rinos pour les enfants (marque superlove) ainsi que les sacs de couchage enfants de chez Deuter, dans lesquels ils n\u2019ont jamais eu froid malgr\u00e9 des nuits fra\u00eeches proches de 0\u00b0, les pantalons de pluie l\u00e9go ainsi que les sandales et bottines de la marque Keen. Ils \u00e9taient ravis d\u2019avoir leur propre lampe de poche enfant de chez Petzl, leur opinel et leurs jumelles, que nous avons beaucoup utilis\u00e9s.<\/p>\n\n\n\n<p>\u00catre bien \u00e9quip\u00e9s nous para\u00eet indispensable pour se lancer dans un grand voyage \u00e0 v\u00e9lo, car cela permet justement une totale libert\u00e9 sur tout le reste (type de logement, conditions m\u00e9t\u00e9o, rythme des journ\u00e9es, \u2026).<\/p>\n\n\n\n<figure class=\"wp-block-gallery columns-2 is-cropped wp-block-gallery-1 is-layout-flex wp-block-gallery-is-layout-flex\"><ul class=\"blocks-gallery-grid\"><li class=\"blocks-gallery-item\"><figure><a href=\"http:\/\/caroulepournous.be\/wp-content\/uploads\/2020\/08\/caroulepournous_matos-2.jpg\"><img decoding=\"async\" loading=\"lazy\" width=\"1024\" height=\"1024\" src=\"http:\/\/caroulepournous.be\/wp-content\/uploads\/2020\/08\/caroulepournous_matos-2-1024x1024.jpg\" alt=\"\" data-id=\"662\" data-full-url=\"http:\/\/caroulepournous.be\/wp-content\/uploads\/2020\/08\/caroulepournous_matos-2.jpg\" data-link=\"http:\/\/caroulepournous.be\/?attachment_id=662\" class=\"wp-image-662\" srcset=\"https:\/\/caroulepournous.be\/wp-content\/uploads\/2020\/08\/caroulepournous_matos-2.jpg 1024w, https:\/\/caroulepournous.be\/wp-content\/uploads\/2020\/08\/caroulepournous_matos-2-300x300.jpg 300w, https:\/\/caroulepournous.be\/wp-content\/uploads\/2020\/08\/caroulepournous_matos-2-150x150.jpg 150w, https:\/\/caroulepournous.be\/wp-content\/uploads\/2020\/08\/caroulepournous_matos-2-768x768.jpg 768w, https:\/\/caroulepournous.be\/wp-content\/uploads\/2020\/08\/caroulepournous_matos-2-850x850.jpg 850w, https:\/\/caroulepournous.be\/wp-content\/uploads\/2020\/08\/caroulepournous_matos-2-45x45.jpg 45w\" sizes=\"(max-width: 1024px) 100vw, 1024px\" \/><\/a><\/figure><\/li><li class=\"blocks-gallery-item\"><figure><a href=\"http:\/\/caroulepournous.be\/wp-content\/uploads\/2020\/08\/caroulepournous_matos-3.jpg\"><img decoding=\"async\" loading=\"lazy\" width=\"1024\" height=\"1024\" src=\"http:\/\/caroulepournous.be\/wp-content\/uploads\/2020\/08\/caroulepournous_matos-3-1024x1024.jpg\" alt=\"\" data-id=\"663\" data-full-url=\"http:\/\/caroulepournous.be\/wp-content\/uploads\/2020\/08\/caroulepournous_matos-3.jpg\" data-link=\"http:\/\/caroulepournous.be\/?attachment_id=663\" class=\"wp-image-663\" srcset=\"https:\/\/caroulepournous.be\/wp-content\/uploads\/2020\/08\/caroulepournous_matos-3.jpg 1024w, https:\/\/caroulepournous.be\/wp-content\/uploads\/2020\/08\/caroulepournous_matos-3-300x300.jpg 300w, https:\/\/caroulepournous.be\/wp-content\/uploads\/2020\/08\/caroulepournous_matos-3-150x150.jpg 150w, https:\/\/caroulepournous.be\/wp-content\/uploads\/2020\/08\/caroulepournous_matos-3-768x768.jpg 768w, https:\/\/caroulepournous.be\/wp-content\/uploads\/2020\/08\/caroulepournous_matos-3-850x850.jpg 850w, https:\/\/caroulepournous.be\/wp-content\/uploads\/2020\/08\/caroulepournous_matos-3-45x45.jpg 45w\" sizes=\"(max-width: 1024px) 100vw, 1024px\" \/><\/a><\/figure><\/li><li class=\"blocks-gallery-item\"><figure><a href=\"http:\/\/caroulepournous.be\/wp-content\/uploads\/2020\/08\/caroulepournous_matos-4.jpg\"><img decoding=\"async\" loading=\"lazy\" width=\"1024\" height=\"1024\" src=\"http:\/\/caroulepournous.be\/wp-content\/uploads\/2020\/08\/caroulepournous_matos-4-1024x1024.jpg\" alt=\"\" data-id=\"664\" data-full-url=\"http:\/\/caroulepournous.be\/wp-content\/uploads\/2020\/08\/caroulepournous_matos-4.jpg\" data-link=\"http:\/\/caroulepournous.be\/?attachment_id=664\" class=\"wp-image-664\" srcset=\"https:\/\/caroulepournous.be\/wp-content\/uploads\/2020\/08\/caroulepournous_matos-4.jpg 1024w, https:\/\/caroulepournous.be\/wp-content\/uploads\/2020\/08\/caroulepournous_matos-4-300x300.jpg 300w, https:\/\/caroulepournous.be\/wp-content\/uploads\/2020\/08\/caroulepournous_matos-4-150x150.jpg 150w, https:\/\/caroulepournous.be\/wp-content\/uploads\/2020\/08\/caroulepournous_matos-4-768x768.jpg 768w, https:\/\/caroulepournous.be\/wp-content\/uploads\/2020\/08\/caroulepournous_matos-4-850x850.jpg 850w, https:\/\/caroulepournous.be\/wp-content\/uploads\/2020\/08\/caroulepournous_matos-4-45x45.jpg 45w\" sizes=\"(max-width: 1024px) 100vw, 1024px\" \/><\/a><\/figure><\/li><li class=\"blocks-gallery-item\"><figure><a href=\"http:\/\/caroulepournous.be\/wp-content\/uploads\/2020\/08\/caroulepournous_matos-5.jpg\"><img decoding=\"async\" loading=\"lazy\" width=\"1024\" height=\"1024\" src=\"http:\/\/caroulepournous.be\/wp-content\/uploads\/2020\/08\/caroulepournous_matos-5-1024x1024.jpg\" alt=\"\" data-id=\"665\" data-full-url=\"http:\/\/caroulepournous.be\/wp-content\/uploads\/2020\/08\/caroulepournous_matos-5.jpg\" data-link=\"http:\/\/caroulepournous.be\/?attachment_id=665\" class=\"wp-image-665\" srcset=\"https:\/\/caroulepournous.be\/wp-content\/uploads\/2020\/08\/caroulepournous_matos-5.jpg 1024w, https:\/\/caroulepournous.be\/wp-content\/uploads\/2020\/08\/caroulepournous_matos-5-300x300.jpg 300w, https:\/\/caroulepournous.be\/wp-content\/uploads\/2020\/08\/caroulepournous_matos-5-150x150.jpg 150w, https:\/\/caroulepournous.be\/wp-content\/uploads\/2020\/08\/caroulepournous_matos-5-768x768.jpg 768w, https:\/\/caroulepournous.be\/wp-content\/uploads\/2020\/08\/caroulepournous_matos-5-850x850.jpg 850w, https:\/\/caroulepournous.be\/wp-content\/uploads\/2020\/08\/caroulepournous_matos-5-45x45.jpg 45w\" sizes=\"(max-width: 1024px) 100vw, 1024px\" \/><\/a><\/figure><\/li><li class=\"blocks-gallery-item\"><figure><a href=\"http:\/\/caroulepournous.be\/wp-content\/uploads\/2020\/08\/caroulepournous_matos-1.jpg\"><img decoding=\"async\" loading=\"lazy\" width=\"1024\" height=\"1024\" src=\"http:\/\/caroulepournous.be\/wp-content\/uploads\/2020\/08\/caroulepournous_matos-1-1024x1024.jpg\" alt=\"\" data-id=\"661\" data-full-url=\"http:\/\/caroulepournous.be\/wp-content\/uploads\/2020\/08\/caroulepournous_matos-1.jpg\" data-link=\"http:\/\/caroulepournous.be\/?attachment_id=661\" class=\"wp-image-661\" srcset=\"https:\/\/caroulepournous.be\/wp-content\/uploads\/2020\/08\/caroulepournous_matos-1.jpg 1024w, https:\/\/caroulepournous.be\/wp-content\/uploads\/2020\/08\/caroulepournous_matos-1-300x300.jpg 300w, https:\/\/caroulepournous.be\/wp-content\/uploads\/2020\/08\/caroulepournous_matos-1-150x150.jpg 150w, https:\/\/caroulepournous.be\/wp-content\/uploads\/2020\/08\/caroulepournous_matos-1-768x768.jpg 768w, https:\/\/caroulepournous.be\/wp-content\/uploads\/2020\/08\/caroulepournous_matos-1-850x850.jpg 850w, https:\/\/caroulepournous.be\/wp-content\/uploads\/2020\/08\/caroulepournous_matos-1-45x45.jpg 45w\" sizes=\"(max-width: 1024px) 100vw, 1024px\" \/><\/a><\/figure><\/li><\/ul><\/figure>\n\n\n\n<p><\/p>\n","protected":false},"excerpt":{"rendered":"<p>Apr\u00e8s longue r\u00e9flexion \u00e0 propos des diff\u00e9rentes options possibles (en fonction de notre budget et de l\u2019\u00e2ge des enfants) nous sommes partis avec : un v\u00e9lo adulte de trekking simple \u00e9quip\u00e9 d\u2019un syst\u00e8me follow-me sur la roue arri\u00e8re un v\u00e9lo enfant 16 pouces un tandem Pino Hase avec p\u00e9dalier enfant une charrette de la marque&#8230;<\/p>\n","protected":false},"author":1,"featured_media":0,"parent":0,"menu_order":0,"comment_status":"closed","ping_status":"closed","template":"","meta":{"ngg_post_thumbnail":0,"footnotes":""},"jetpack_sharing_enabled":true,"_links":{"self":[{"href":"https:\/\/caroulepournous.be\/index.php?rest_route=\/wp\/v2\/pages\/77"}],"collection":[{"href":"https:\/\/caroulepournous.be\/index.php?rest_route=\/wp\/v2\/pages"}],"about":[{"href":"https:\/\/caroulepournous.be\/index.php?rest_route=\/wp\/v2\/types\/page"}],"author":[{"embeddable":true,"href":"https:\/\/caroulepournous.be\/index.php?rest_route=\/wp\/v2\/users\/1"}],"replies":[{"embeddable":true,"href":"https:\/\/caroulepournous.be\/index.php?rest_route=%2Fwp%2Fv2%2Fcomments&post=77"}],"version-history":[{"count":7,"href":"https:\/\/caroulepournous.be\/index.php?rest_route=\/wp\/v2\/pages\/77\/revisions"}],"predecessor-version":[{"id":1606,"href":"https:\/\/caroulepournous.be\/index.php?rest_route=\/wp\/v2\/pages\/77\/revisions\/1606"}],"wp:attachment":[{"href":"https:\/\/caroulepournous.be\/index.php?rest_route=%2Fwp%2Fv2%2Fmedia&parent=77"}],"curies":[{"name":"wp","href":"https:\/\/api.w.org\/{rel}","templated":true}]}}